{"id":5,"date":"2025-12-15T08:20:34","date_gmt":"2025-12-15T08:20:34","guid":{"rendered":"https:\/\/crb-btp.com\/?page_id=5"},"modified":"2025-12-21T16:30:46","modified_gmt":"2025-12-21T16:30:46","slug":"accueil","status":"publish","type":"page","link":"https:\/\/crb-btp.com\/","title":{"rendered":"Accueil"},"content":{"rendered":"\n<blockquote class=\"wp-block-quote has-medium-font-size is-layout-flow wp-block-quote-is-layout-flow\">\n<p><strong>Bienvenue chez CRB-BTP<\/strong><\/p>\n\n\n\n<p>Entreprise sp\u00e9cialis\u00e9e dans les travaux de b\u00e2timent en France.<\/p>\n\n\n\n<figure class=\"wp-block-image size-large is-resized\"><img loading=\"lazy\" decoding=\"async\" width=\"1024\" height=\"473\" src=\"https:\/\/crb-btp.com\/wp-content\/uploads\/2025\/12\/76db323f-fde4-46c0-9dcc-144be411ef5b-1024x473.jpeg\" alt=\"\" class=\"wp-image-20\" style=\"aspect-ratio:2.1650226296855055;width:583px;height:auto\" srcset=\"https:\/\/crb-btp.com\/wp-content\/uploads\/2025\/12\/76db323f-fde4-46c0-9dcc-144be411ef5b-1024x473.jpeg 1024w, https:\/\/crb-btp.com\/wp-content\/uploads\/2025\/12\/76db323f-fde4-46c0-9dcc-144be411ef5b-300x139.jpeg 300w, https:\/\/crb-btp.com\/wp-content\/uploads\/2025\/12\/76db323f-fde4-46c0-9dcc-144be411ef5b-768x355.jpeg 768w, https:\/\/crb-btp.com\/wp-content\/uploads\/2025\/12\/76db323f-fde4-46c0-9dcc-144be411ef5b-1536x709.jpeg 1536w, https:\/\/crb-btp.com\/wp-content\/uploads\/2025\/12\/76db323f-fde4-46c0-9dcc-144be411ef5b.jpeg 1600w\" sizes=\"auto, (max-width: 1024px) 100vw, 1024px\" \/><\/figure>\n<\/blockquote>\n\n\n\n<p class=\"has-medium-font-size\">Nous accompagnons nos clients dans leurs projets.<\/p>\n\n\n\n<h2 class=\"wp-block-heading has-medium-font-size\">Nos domaines d&rsquo;intervention:<\/h2>\n\n\n\n<div class=\"wp-block-group is-layout-grid wp-container-core-group-is-layout-478b6e6b wp-block-group-is-layout-grid\">\n<h2 class=\"wp-block-heading has-medium-font-size wp-container-content-69bc4bdf\">Travaux int\u00e9rieurs r\u00e9novation int\u00e9rieure, peinture, sol, ma\u00e7onnerie, pl\u00e2trerie, menuiserie, \u00e9lectricit\u00e9, plomberie &#8230;.<\/h2>\n\n\n\n<h2 class=\"wp-block-heading has-medium-font-size wp-container-content-69bc4bdf\">Travaux ext\u00e9rieurs ravalement de fa\u00e7ade peinture, sol,isolation ma\u00e7onnerie, pl\u00e2trerie pierre, enduit \u00e0 la chaux, &#8230;.<\/h2>\n<\/div>\n\n\n\n<div class=\"wp-block-buttons is-layout-flex wp-block-buttons-is-layout-flex\">\n<div class=\"wp-block-button has-custom-width wp-block-button__width-75\"><a class=\"wp-block-button__link wp-element-button\" href=\"https:\/\/crb-btp.com\/?page_id=12\">Demandez un devis <\/a><\/div>\n<\/div>\n\n\n\n<figure class=\"wp-block-image size-large\"><img loading=\"lazy\" decoding=\"async\" width=\"1024\" height=\"500\" src=\"https:\/\/crb-btp.com\/wp-content\/uploads\/2025\/12\/5f96243b-50e5-4434-9ccd-f237d18f12bf-1024x500.jpeg\" alt=\"\" class=\"wp-image-21\" srcset=\"https:\/\/crb-btp.com\/wp-content\/uploads\/2025\/12\/5f96243b-50e5-4434-9ccd-f237d18f12bf-1024x500.jpeg 1024w, https:\/\/crb-btp.com\/wp-content\/uploads\/2025\/12\/5f96243b-50e5-4434-9ccd-f237d18f12bf-300x146.jpeg 300w, https:\/\/crb-btp.com\/wp-content\/uploads\/2025\/12\/5f96243b-50e5-4434-9ccd-f237d18f12bf-768x375.jpeg 768w, https:\/\/crb-btp.com\/wp-content\/uploads\/2025\/12\/5f96243b-50e5-4434-9ccd-f237d18f12bf-1536x749.jpeg 1536w, https:\/\/crb-btp.com\/wp-content\/uploads\/2025\/12\/5f96243b-50e5-4434-9ccd-f237d18f12bf.jpeg 1599w\" sizes=\"auto, (max-width: 1024px) 100vw, 1024px\" \/><\/figure>\n\n\n\n\n\n<figure class=\"wp-block-image size-large\"><img loading=\"lazy\" decoding=\"async\" width=\"1024\" height=\"576\" src=\"https:\/\/crb-btp.com\/wp-content\/uploads\/2025\/12\/IMG_1159-1024x576.jpeg\" alt=\"\" class=\"wp-image-22\" srcset=\"https:\/\/crb-btp.com\/wp-content\/uploads\/2025\/12\/IMG_1159-1024x576.jpeg 1024w, https:\/\/crb-btp.com\/wp-content\/uploads\/2025\/12\/IMG_1159-300x169.jpeg 300w, https:\/\/crb-btp.com\/wp-content\/uploads\/2025\/12\/IMG_1159-768x432.jpeg 768w, https:\/\/crb-btp.com\/wp-content\/uploads\/2025\/12\/IMG_1159-1536x864.jpeg 1536w, https:\/\/crb-btp.com\/wp-content\/uploads\/2025\/12\/IMG_1159.jpeg 2048w\" sizes=\"auto, (max-width: 1024px) 100vw, 1024px\" \/><\/figure>\n\n\n\n<figure class=\"wp-block-image size-large\"><img loading=\"lazy\" decoding=\"async\" width=\"1024\" height=\"576\" src=\"https:\/\/crb-btp.com\/wp-content\/uploads\/2025\/12\/IMG_1160-1024x576.jpeg\" alt=\"\" class=\"wp-image-23\" srcset=\"https:\/\/crb-btp.com\/wp-content\/uploads\/2025\/12\/IMG_1160-1024x576.jpeg 1024w, https:\/\/crb-btp.com\/wp-content\/uploads\/2025\/12\/IMG_1160-300x169.jpeg 300w, https:\/\/crb-btp.com\/wp-content\/uploads\/2025\/12\/IMG_1160-768x432.jpeg 768w, https:\/\/crb-btp.com\/wp-content\/uploads\/2025\/12\/IMG_1160-1536x864.jpeg 1536w, https:\/\/crb-btp.com\/wp-content\/uploads\/2025\/12\/IMG_1160.jpeg 2048w\" sizes=\"auto, (max-width: 1024px) 100vw, 1024px\" \/><\/figure>\n\n\n\n<figure class=\"wp-block-image size-large\"><img loading=\"lazy\" decoding=\"async\" width=\"1024\" height=\"768\" src=\"https:\/\/crb-btp.com\/wp-content\/uploads\/2025\/12\/IMG_1161-1024x768.jpeg\" alt=\"\" class=\"wp-image-24\" srcset=\"https:\/\/crb-btp.com\/wp-content\/uploads\/2025\/12\/IMG_1161-1024x768.jpeg 1024w, https:\/\/crb-btp.com\/wp-content\/uploads\/2025\/12\/IMG_1161-300x225.jpeg 300w, https:\/\/crb-btp.com\/wp-content\/uploads\/2025\/12\/IMG_1161-768x576.jpeg 768w, https:\/\/crb-btp.com\/wp-content\/uploads\/2025\/12\/IMG_1161-1536x1152.jpeg 1536w, https:\/\/crb-btp.com\/wp-content\/uploads\/2025\/12\/IMG_1161.jpeg 2048w\" sizes=\"auto, (max-width: 1024px) 100vw, 1024px\" \/><\/figure>\n\n\n\n<figure class=\"wp-block-image size-large\"><img loading=\"lazy\" decoding=\"async\" width=\"1024\" height=\"768\" src=\"https:\/\/crb-btp.com\/wp-content\/uploads\/2025\/12\/IMG_1162-1024x768.jpeg\" alt=\"\" class=\"wp-image-25\" srcset=\"https:\/\/crb-btp.com\/wp-content\/uploads\/2025\/12\/IMG_1162-1024x768.jpeg 1024w, https:\/\/crb-btp.com\/wp-content\/uploads\/2025\/12\/IMG_1162-300x225.jpeg 300w, https:\/\/crb-btp.com\/wp-content\/uploads\/2025\/12\/IMG_1162-768x576.jpeg 768w, https:\/\/crb-btp.com\/wp-content\/uploads\/2025\/12\/IMG_1162-1536x1152.jpeg 1536w, https:\/\/crb-btp.com\/wp-content\/uploads\/2025\/12\/IMG_1162.jpeg 2048w\" sizes=\"auto, (max-width: 1024px) 100vw, 1024px\" \/><\/figure>\n","protected":false},"excerpt":{"rendered":"<p>Nous accompagnons nos clients dans leurs projets. Nos domaines d&rsquo;intervention: Travaux int\u00e9rieurs r\u00e9novation int\u00e9rieure, peinture, sol, ma\u00e7onnerie, pl\u00e2trerie, menuiserie, \u00e9lectricit\u00e9, plomberie &#8230;. Travaux ext\u00e9rieurs ravalement de fa\u00e7ade peinture, sol,isolation ma\u00e7onnerie, pl\u00e2trerie pierre, enduit \u00e0 la chaux, &#8230;.<\/p>\n","protected":false},"author":1,"featured_media":0,"parent":0,"menu_order":0,"comment_status":"closed","ping_status":"closed","template":"","meta":{"footnotes":""},"class_list":["post-5","page","type-page","status-publish","hentry"],"yoast_head":"<!-- This site is optimized with the Yoast SEO plugin v26.8 - https:\/\/yoast.com\/product\/yoast-seo-wordpress\/ -->\n<title>Accueil - CRB-BTP<\/title>\n<meta name=\"robots\" content=\"index, follow, max-snippet:-1, max-image-preview:large, max-video-preview:-1\" \/>\n<link rel=\"canonical\" href=\"https:\/\/crb-btp.com\/\" \/>\n<meta property=\"og:locale\" content=\"fr_FR\" \/>\n<meta property=\"og:type\" content=\"article\" \/>\n<meta property=\"og:title\" content=\"Accueil - CRB-BTP\" \/>\n<meta property=\"og:description\" content=\"Nous accompagnons nos clients dans leurs projets. Nos domaines d&rsquo;intervention: Travaux int\u00e9rieurs r\u00e9novation int\u00e9rieure, peinture, sol, ma\u00e7onnerie, pl\u00e2trerie, menuiserie, \u00e9lectricit\u00e9, plomberie &#8230;. Travaux ext\u00e9rieurs ravalement de fa\u00e7ade peinture, sol,isolation ma\u00e7onnerie, pl\u00e2trerie pierre, enduit \u00e0 la chaux, &#8230;.\" \/>\n<meta property=\"og:url\" content=\"https:\/\/crb-btp.com\/\" \/>\n<meta property=\"og:site_name\" content=\"CRB-BTP\" \/>\n<meta property=\"article:modified_time\" content=\"2025-12-21T16:30:46+00:00\" \/>\n<meta property=\"og:image\" content=\"https:\/\/crb-btp.com\/wp-content\/uploads\/2025\/12\/76db323f-fde4-46c0-9dcc-144be411ef5b.jpeg\" \/>\n\t<meta property=\"og:image:width\" content=\"1600\" \/>\n\t<meta property=\"og:image:height\" content=\"739\" \/>\n\t<meta property=\"og:image:type\" content=\"image\/jpeg\" \/>\n<meta name=\"twitter:card\" content=\"summary_large_image\" \/>\n<meta name=\"twitter:label1\" content=\"Dur\u00e9e de lecture estim\u00e9e\" \/>\n\t<meta name=\"twitter:data1\" content=\"2 minutes\" \/>\n<script type=\"application\/ld+json\" class=\"yoast-schema-graph\">{\"@context\":\"https:\/\/schema.org\",\"@graph\":[{\"@type\":\"WebPage\",\"@id\":\"https:\/\/crb-btp.com\/\",\"url\":\"https:\/\/crb-btp.com\/\",\"name\":\"Accueil - CRB-BTP\",\"isPartOf\":{\"@id\":\"https:\/\/crb-btp.com\/#website\"},\"primaryImageOfPage\":{\"@id\":\"https:\/\/crb-btp.com\/#primaryimage\"},\"image\":{\"@id\":\"https:\/\/crb-btp.com\/#primaryimage\"},\"thumbnailUrl\":\"https:\/\/crb-btp.com\/wp-content\/uploads\/2025\/12\/76db323f-fde4-46c0-9dcc-144be411ef5b-1024x473.jpeg\",\"datePublished\":\"2025-12-15T08:20:34+00:00\",\"dateModified\":\"2025-12-21T16:30:46+00:00\",\"breadcrumb\":{\"@id\":\"https:\/\/crb-btp.com\/#breadcrumb\"},\"inLanguage\":\"fr-FR\",\"potentialAction\":[{\"@type\":\"ReadAction\",\"target\":[\"https:\/\/crb-btp.com\/\"]}]},{\"@type\":\"ImageObject\",\"inLanguage\":\"fr-FR\",\"@id\":\"https:\/\/crb-btp.com\/#primaryimage\",\"url\":\"https:\/\/crb-btp.com\/wp-content\/uploads\/2025\/12\/76db323f-fde4-46c0-9dcc-144be411ef5b.jpeg\",\"contentUrl\":\"https:\/\/crb-btp.com\/wp-content\/uploads\/2025\/12\/76db323f-fde4-46c0-9dcc-144be411ef5b.jpeg\",\"width\":1600,\"height\":739},{\"@type\":\"BreadcrumbList\",\"@id\":\"https:\/\/crb-btp.com\/#breadcrumb\",\"itemListElement\":[{\"@type\":\"ListItem\",\"position\":1,\"name\":\"Home\",\"item\":\"https:\/\/crb-btp.com\/\"},{\"@type\":\"ListItem\",\"position\":2,\"name\":\"Accueil\"}]},{\"@type\":\"WebSite\",\"@id\":\"https:\/\/crb-btp.com\/#website\",\"url\":\"https:\/\/crb-btp.com\/\",\"name\":\"CRB-BTP\",\"description\":\"R\u00e9novation int\u00e9rieur et ext\u00e9rieur\",\"publisher\":{\"@id\":\"https:\/\/crb-btp.com\/#organization\"},\"potentialAction\":[{\"@type\":\"SearchAction\",\"target\":{\"@type\":\"EntryPoint\",\"urlTemplate\":\"https:\/\/crb-btp.com\/?s={search_term_string}\"},\"query-input\":{\"@type\":\"PropertyValueSpecification\",\"valueRequired\":true,\"valueName\":\"search_term_string\"}}],\"inLanguage\":\"fr-FR\"},{\"@type\":\"Organization\",\"@id\":\"https:\/\/crb-btp.com\/#organization\",\"name\":\"CRB-BTP\",\"url\":\"https:\/\/crb-btp.com\/\",\"logo\":{\"@type\":\"ImageObject\",\"inLanguage\":\"fr-FR\",\"@id\":\"https:\/\/crb-btp.com\/#\/schema\/logo\/image\/\",\"url\":\"https:\/\/crb-btp.com\/wp-content\/uploads\/2025\/12\/ChatGPT-Image-21-dec.-2025-a-16_45_43.png\",\"contentUrl\":\"https:\/\/crb-btp.com\/wp-content\/uploads\/2025\/12\/ChatGPT-Image-21-dec.-2025-a-16_45_43.png\",\"width\":1024,\"height\":1024,\"caption\":\"CRB-BTP\"},\"image\":{\"@id\":\"https:\/\/crb-btp.com\/#\/schema\/logo\/image\/\"}}]}<\/script>\n<!-- \/ Yoast SEO plugin. -->","yoast_head_json":{"title":"Accueil - CRB-BTP","robots":{"index":"index","follow":"follow","max-snippet":"max-snippet:-1","max-image-preview":"max-image-preview:large","max-video-preview":"max-video-preview:-1"},"canonical":"https:\/\/crb-btp.com\/","og_locale":"fr_FR","og_type":"article","og_title":"Accueil - CRB-BTP","og_description":"Nous accompagnons nos clients dans leurs projets. Nos domaines d&rsquo;intervention: Travaux int\u00e9rieurs r\u00e9novation int\u00e9rieure, peinture, sol, ma\u00e7onnerie, pl\u00e2trerie, menuiserie, \u00e9lectricit\u00e9, plomberie &#8230;. Travaux ext\u00e9rieurs ravalement de fa\u00e7ade peinture, sol,isolation ma\u00e7onnerie, pl\u00e2trerie pierre, enduit \u00e0 la chaux, &#8230;.","og_url":"https:\/\/crb-btp.com\/","og_site_name":"CRB-BTP","article_modified_time":"2025-12-21T16:30:46+00:00","og_image":[{"width":1600,"height":739,"url":"https:\/\/crb-btp.com\/wp-content\/uploads\/2025\/12\/76db323f-fde4-46c0-9dcc-144be411ef5b.jpeg","type":"image\/jpeg"}],"twitter_card":"summary_large_image","twitter_misc":{"Dur\u00e9e de lecture estim\u00e9e":"2 minutes"},"schema":{"@context":"https:\/\/schema.org","@graph":[{"@type":"WebPage","@id":"https:\/\/crb-btp.com\/","url":"https:\/\/crb-btp.com\/","name":"Accueil - CRB-BTP","isPartOf":{"@id":"https:\/\/crb-btp.com\/#website"},"primaryImageOfPage":{"@id":"https:\/\/crb-btp.com\/#primaryimage"},"image":{"@id":"https:\/\/crb-btp.com\/#primaryimage"},"thumbnailUrl":"https:\/\/crb-btp.com\/wp-content\/uploads\/2025\/12\/76db323f-fde4-46c0-9dcc-144be411ef5b-1024x473.jpeg","datePublished":"2025-12-15T08:20:34+00:00","dateModified":"2025-12-21T16:30:46+00:00","breadcrumb":{"@id":"https:\/\/crb-btp.com\/#breadcrumb"},"inLanguage":"fr-FR","potentialAction":[{"@type":"ReadAction","target":["https:\/\/crb-btp.com\/"]}]},{"@type":"ImageObject","inLanguage":"fr-FR","@id":"https:\/\/crb-btp.com\/#primaryimage","url":"https:\/\/crb-btp.com\/wp-content\/uploads\/2025\/12\/76db323f-fde4-46c0-9dcc-144be411ef5b.jpeg","contentUrl":"https:\/\/crb-btp.com\/wp-content\/uploads\/2025\/12\/76db323f-fde4-46c0-9dcc-144be411ef5b.jpeg","width":1600,"height":739},{"@type":"BreadcrumbList","@id":"https:\/\/crb-btp.com\/#breadcrumb","itemListElement":[{"@type":"ListItem","position":1,"name":"Home","item":"https:\/\/crb-btp.com\/"},{"@type":"ListItem","position":2,"name":"Accueil"}]},{"@type":"WebSite","@id":"https:\/\/crb-btp.com\/#website","url":"https:\/\/crb-btp.com\/","name":"CRB-BTP","description":"R\u00e9novation int\u00e9rieur et ext\u00e9rieur","publisher":{"@id":"https:\/\/crb-btp.com\/#organization"},"potentialAction":[{"@type":"SearchAction","target":{"@type":"EntryPoint","urlTemplate":"https:\/\/crb-btp.com\/?s={search_term_string}"},"query-input":{"@type":"PropertyValueSpecification","valueRequired":true,"valueName":"search_term_string"}}],"inLanguage":"fr-FR"},{"@type":"Organization","@id":"https:\/\/crb-btp.com\/#organization","name":"CRB-BTP","url":"https:\/\/crb-btp.com\/","logo":{"@type":"ImageObject","inLanguage":"fr-FR","@id":"https:\/\/crb-btp.com\/#\/schema\/logo\/image\/","url":"https:\/\/crb-btp.com\/wp-content\/uploads\/2025\/12\/ChatGPT-Image-21-dec.-2025-a-16_45_43.png","contentUrl":"https:\/\/crb-btp.com\/wp-content\/uploads\/2025\/12\/ChatGPT-Image-21-dec.-2025-a-16_45_43.png","width":1024,"height":1024,"caption":"CRB-BTP"},"image":{"@id":"https:\/\/crb-btp.com\/#\/schema\/logo\/image\/"}}]}},"_links":{"self":[{"href":"https:\/\/crb-btp.com\/index.php?rest_route=\/wp\/v2\/pages\/5","targetHints":{"allow":["GET"]}}],"collection":[{"href":"https:\/\/crb-btp.com\/index.php?rest_route=\/wp\/v2\/pages"}],"about":[{"href":"https:\/\/crb-btp.com\/index.php?rest_route=\/wp\/v2\/types\/page"}],"author":[{"embeddable":true,"href":"https:\/\/crb-btp.com\/index.php?rest_route=\/wp\/v2\/users\/1"}],"replies":[{"embeddable":true,"href":"https:\/\/crb-btp.com\/index.php?rest_route=%2Fwp%2Fv2%2Fcomments&post=5"}],"version-history":[{"count":5,"href":"https:\/\/crb-btp.com\/index.php?rest_route=\/wp\/v2\/pages\/5\/revisions"}],"predecessor-version":[{"id":40,"href":"https:\/\/crb-btp.com\/index.php?rest_route=\/wp\/v2\/pages\/5\/revisions\/40"}],"wp:attachment":[{"href":"https:\/\/crb-btp.com\/index.php?rest_route=%2Fwp%2Fv2%2Fmedia&parent=5"}],"curies":[{"name":"wp","href":"https:\/\/api.w.org\/{rel}","templated":true}]}}